{"id":3117,"date":"2021-02-15T15:43:02","date_gmt":"2021-02-15T20:43:02","guid":{"rendered":"https:\/\/keynorthgroup.com\/?page_id=3117"},"modified":"2022-05-27T09:47:02","modified_gmt":"2022-05-27T13:47:02","slug":"home-page","status":"publish","type":"page","link":"https:\/\/keynorthgroup.com\/fr\/","title":{"rendered":"Home Page"},"content":{"rendered":"","protected":false},"excerpt":{"rendered":"","protected":false},"author":1,"featured_media":0,"parent":0,"menu_order":0,"comment_status":"closed","ping_status":"closed","template":"templates\/home.php","meta":{"_acf_changed":false,"content-type":"","footnotes":""},"class_list":["post-3117","page","type-page","status-publish","hentry"],"acf":[],"yoast_head":"<!-- This site is optimized with the Yoast SEO plugin v27.3 - https:\/\/yoast.com\/product\/yoast-seo-wordpress\/ -->\n<title>Enqu\u00eate d&#039;entreprise | Gestion des risques | Formation de renseignements de sources ouvertes<\/title>\n<meta name=\"description\" content=\"Le KeyNorth Group fournit des services d\u2019enqu\u00eate innovants et de grande valeur, des solutions de gestion des risques et des formations en mati\u00e8re d\u2019enqu\u00eate et de renseignement, aux organisations publiques, priv\u00e9es et \u00e0 but non lucratif.\" \/>\n<meta name=\"robots\" content=\"index, follow, max-snippet:-1, max-image-preview:large, max-video-preview:-1\" \/>\n<link rel=\"canonical\" href=\"https:\/\/keynorthgroup.com\/fr\/\" \/>\n<meta property=\"og:locale\" content=\"fr_FR\" \/>\n<meta property=\"og:type\" content=\"article\" \/>\n<meta property=\"og:title\" content=\"Enqu\u00eate d&#039;entreprise | Gestion des risques | Formation de renseignements de sources ouvertes\" \/>\n<meta property=\"og:description\" content=\"Le KeyNorth Group fournit des services d\u2019enqu\u00eate innovants et de grande valeur, des solutions de gestion des risques et des formations en mati\u00e8re d\u2019enqu\u00eate et de renseignement, aux organisations publiques, priv\u00e9es et \u00e0 but non lucratif.\" \/>\n<meta property=\"og:url\" content=\"https:\/\/keynorthgroup.com\/fr\/\" \/>\n<meta property=\"og:site_name\" content=\"KeyNorth Group\" \/>\n<meta property=\"article:modified_time\" content=\"2022-05-27T13:47:02+00:00\" \/>\n<meta name=\"twitter:card\" content=\"summary_large_image\" \/>\n<script type=\"application\/ld+json\" class=\"yoast-schema-graph\">{\"@context\":\"https:\\\/\\\/schema.org\",\"@graph\":[{\"@type\":\"WebPage\",\"@id\":\"https:\\\/\\\/keynorthgroup.com\\\/fr\\\/\",\"url\":\"https:\\\/\\\/keynorthgroup.com\\\/fr\\\/\",\"name\":\"Enqu\u00eate d'entreprise | Gestion des risques | Formation de renseignements de sources ouvertes\",\"isPartOf\":{\"@id\":\"https:\\\/\\\/keynorthgroup.com\\\/#website\"},\"datePublished\":\"2021-02-15T20:43:02+00:00\",\"dateModified\":\"2022-05-27T13:47:02+00:00\",\"description\":\"Le KeyNorth Group fournit des services d\u2019enqu\u00eate innovants et de grande valeur, des solutions de gestion des risques et des formations en mati\u00e8re d\u2019enqu\u00eate et de renseignement, aux organisations publiques, priv\u00e9es et \u00e0 but non lucratif.\",\"breadcrumb\":{\"@id\":\"https:\\\/\\\/keynorthgroup.com\\\/fr\\\/#breadcrumb\"},\"inLanguage\":\"fr-FR\",\"potentialAction\":[{\"@type\":\"ReadAction\",\"target\":[\"https:\\\/\\\/keynorthgroup.com\\\/fr\\\/\"]}]},{\"@type\":\"BreadcrumbList\",\"@id\":\"https:\\\/\\\/keynorthgroup.com\\\/fr\\\/#breadcrumb\",\"itemListElement\":[{\"@type\":\"ListItem\",\"position\":1,\"name\":\"Home\",\"item\":\"https:\\\/\\\/keynorthgroup.com\\\/fr\\\/\"},{\"@type\":\"ListItem\",\"position\":2,\"name\":\"Home Page\"}]},{\"@type\":\"WebSite\",\"@id\":\"https:\\\/\\\/keynorthgroup.com\\\/#website\",\"url\":\"https:\\\/\\\/keynorthgroup.com\\\/\",\"name\":\"KeyNorth Group\",\"description\":\"\",\"publisher\":{\"@id\":\"https:\\\/\\\/keynorthgroup.com\\\/#organization\"},\"potentialAction\":[{\"@type\":\"SearchAction\",\"target\":{\"@type\":\"EntryPoint\",\"urlTemplate\":\"https:\\\/\\\/keynorthgroup.com\\\/?s={search_term_string}\"},\"query-input\":{\"@type\":\"PropertyValueSpecification\",\"valueRequired\":true,\"valueName\":\"search_term_string\"}}],\"inLanguage\":\"fr-FR\"},{\"@type\":\"Organization\",\"@id\":\"https:\\\/\\\/keynorthgroup.com\\\/#organization\",\"name\":\"KeyNorth Group\",\"url\":\"https:\\\/\\\/keynorthgroup.com\\\/\",\"logo\":{\"@type\":\"ImageObject\",\"inLanguage\":\"fr-FR\",\"@id\":\"https:\\\/\\\/keynorthgroup.com\\\/#\\\/schema\\\/logo\\\/image\\\/\",\"url\":\"https:\\\/\\\/keynorthgroup.com\\\/wp-content\\\/uploads\\\/2021\\\/04\\\/Keynorth_About-Us_Hero_Desktop.jpg\",\"contentUrl\":\"https:\\\/\\\/keynorthgroup.com\\\/wp-content\\\/uploads\\\/2021\\\/04\\\/Keynorth_About-Us_Hero_Desktop.jpg\",\"width\":2000,\"height\":765,\"caption\":\"KeyNorth Group\"},\"image\":{\"@id\":\"https:\\\/\\\/keynorthgroup.com\\\/#\\\/schema\\\/logo\\\/image\\\/\"}}]}<\/script>\n<!-- \/ Yoast SEO plugin. -->","yoast_head_json":{"title":"Enqu\u00eate d'entreprise | Gestion des risques | Formation de renseignements de sources ouvertes","description":"Le KeyNorth Group fournit des services d\u2019enqu\u00eate innovants et de grande valeur, des solutions de gestion des risques et des formations en mati\u00e8re d\u2019enqu\u00eate et de renseignement, aux organisations publiques, priv\u00e9es et \u00e0 but non lucratif.","robots":{"index":"index","follow":"follow","max-snippet":"max-snippet:-1","max-image-preview":"max-image-preview:large","max-video-preview":"max-video-preview:-1"},"canonical":"https:\/\/keynorthgroup.com\/fr\/","og_locale":"fr_FR","og_type":"article","og_title":"Enqu\u00eate d'entreprise | Gestion des risques | Formation de renseignements de sources ouvertes","og_description":"Le KeyNorth Group fournit des services d\u2019enqu\u00eate innovants et de grande valeur, des solutions de gestion des risques et des formations en mati\u00e8re d\u2019enqu\u00eate et de renseignement, aux organisations publiques, priv\u00e9es et \u00e0 but non lucratif.","og_url":"https:\/\/keynorthgroup.com\/fr\/","og_site_name":"KeyNorth Group","article_modified_time":"2022-05-27T13:47:02+00:00","twitter_card":"summary_large_image","schema":{"@context":"https:\/\/schema.org","@graph":[{"@type":"WebPage","@id":"https:\/\/keynorthgroup.com\/fr\/","url":"https:\/\/keynorthgroup.com\/fr\/","name":"Enqu\u00eate d'entreprise | Gestion des risques | Formation de renseignements de sources ouvertes","isPartOf":{"@id":"https:\/\/keynorthgroup.com\/#website"},"datePublished":"2021-02-15T20:43:02+00:00","dateModified":"2022-05-27T13:47:02+00:00","description":"Le KeyNorth Group fournit des services d\u2019enqu\u00eate innovants et de grande valeur, des solutions de gestion des risques et des formations en mati\u00e8re d\u2019enqu\u00eate et de renseignement, aux organisations publiques, priv\u00e9es et \u00e0 but non lucratif.","breadcrumb":{"@id":"https:\/\/keynorthgroup.com\/fr\/#breadcrumb"},"inLanguage":"fr-FR","potentialAction":[{"@type":"ReadAction","target":["https:\/\/keynorthgroup.com\/fr\/"]}]},{"@type":"BreadcrumbList","@id":"https:\/\/keynorthgroup.com\/fr\/#breadcrumb","itemListElement":[{"@type":"ListItem","position":1,"name":"Home","item":"https:\/\/keynorthgroup.com\/fr\/"},{"@type":"ListItem","position":2,"name":"Home Page"}]},{"@type":"WebSite","@id":"https:\/\/keynorthgroup.com\/#website","url":"https:\/\/keynorthgroup.com\/","name":"KeyNorth Group","description":"","publisher":{"@id":"https:\/\/keynorthgroup.com\/#organization"},"potentialAction":[{"@type":"SearchAction","target":{"@type":"EntryPoint","urlTemplate":"https:\/\/keynorthgroup.com\/?s={search_term_string}"},"query-input":{"@type":"PropertyValueSpecification","valueRequired":true,"valueName":"search_term_string"}}],"inLanguage":"fr-FR"},{"@type":"Organization","@id":"https:\/\/keynorthgroup.com\/#organization","name":"KeyNorth Group","url":"https:\/\/keynorthgroup.com\/","logo":{"@type":"ImageObject","inLanguage":"fr-FR","@id":"https:\/\/keynorthgroup.com\/#\/schema\/logo\/image\/","url":"https:\/\/keynorthgroup.com\/wp-content\/uploads\/2021\/04\/Keynorth_About-Us_Hero_Desktop.jpg","contentUrl":"https:\/\/keynorthgroup.com\/wp-content\/uploads\/2021\/04\/Keynorth_About-Us_Hero_Desktop.jpg","width":2000,"height":765,"caption":"KeyNorth Group"},"image":{"@id":"https:\/\/keynorthgroup.com\/#\/schema\/logo\/image\/"}}]}},"_links":{"self":[{"href":"https:\/\/keynorthgroup.com\/fr\/wp-json\/wp\/v2\/pages\/3117","targetHints":{"allow":["GET"]}}],"collection":[{"href":"https:\/\/keynorthgroup.com\/fr\/wp-json\/wp\/v2\/pages"}],"about":[{"href":"https:\/\/keynorthgroup.com\/fr\/wp-json\/wp\/v2\/types\/page"}],"author":[{"embeddable":true,"href":"https:\/\/keynorthgroup.com\/fr\/wp-json\/wp\/v2\/users\/1"}],"replies":[{"embeddable":true,"href":"https:\/\/keynorthgroup.com\/fr\/wp-json\/wp\/v2\/comments?post=3117"}],"version-history":[{"count":4,"href":"https:\/\/keynorthgroup.com\/fr\/wp-json\/wp\/v2\/pages\/3117\/revisions"}],"predecessor-version":[{"id":3199,"href":"https:\/\/keynorthgroup.com\/fr\/wp-json\/wp\/v2\/pages\/3117\/revisions\/3199"}],"wp:attachment":[{"href":"https:\/\/keynorthgroup.com\/fr\/wp-json\/wp\/v2\/media?parent=3117"}],"curies":[{"name":"wp","href":"https:\/\/api.w.org\/{rel}","templated":true}]}}